{"id":120,"date":"2022-08-07T20:23:07","date_gmt":"2022-08-07T23:23:07","guid":{"rendered":"http:\/\/localhost\/coopercam\/?page_id=120"},"modified":"2022-08-12T23:24:01","modified_gmt":"2022-08-12T23:24:01","slug":"politica","status":"publish","type":"page","link":"http:\/\/coopercamdf.com.br\/?page_id=120","title":{"rendered":"Politica"},"content":{"rendered":"\t\t<div data-elementor-type=\"wp-page\" data-elementor-id=\"120\" class=\"elementor elementor-120\">\n\t\t\t\t\t\t\t\t\t<section class=\"elementor-section elementor-top-section elementor-element elementor-element-459dd36 elementor-section-boxed elementor-section-height-default elementor-section-height-default\" data-id=\"459dd36\" data-element_type=\"section\">\n\t\t\t\t\t\t<div class=\"elementor-container elementor-column-gap-default\">\n\t\t\t\t\t<div class=\"elementor-column elementor-col-100 elementor-top-column elementor-element elementor-element-dee8c71\" data-id=\"dee8c71\" data-element_type=\"column\">\n\t\t\t<div class=\"elementor-widget-wrap elementor-element-populated\">\n\t\t\t\t\t\t\t\t<div class=\"elementor-element elementor-element-6c4585b elementor-widget elementor-widget-heading\" data-id=\"6c4585b\" data-element_type=\"widget\" data-widget_type=\"heading.default\">\n\t\t\t\t<div class=\"elementor-widget-container\">\n\t\t\t<style>\/*! elementor - v3.6.6 - 08-06-2022 *\/\n.elementor-heading-title{padding:0;margin:0;line-height:1}.elementor-widget-heading .elementor-heading-title[class*=elementor-size-]>a{color:inherit;font-size:inherit;line-height:inherit}.elementor-widget-heading .elementor-heading-title.elementor-size-small{font-size:15px}.elementor-widget-heading .elementor-heading-title.elementor-size-medium{font-size:19px}.elementor-widget-heading .elementor-heading-title.elementor-size-large{font-size:29px}.elementor-widget-heading .elementor-heading-title.elementor-size-xl{font-size:39px}.elementor-widget-heading .elementor-heading-title.elementor-size-xxl{font-size:59px}<\/style><h1 class=\"elementor-heading-title elementor-size-default\">Pol\u00edticas<\/h1>\t\t<\/div>\n\t\t\t\t<\/div>\n\t\t\t\t\t<\/div>\n\t\t<\/div>\n\t\t\t\t\t\t\t<\/div>\n\t\t<\/section>\n\t\t\t\t<section class=\"elementor-section elementor-top-section elementor-element elementor-element-9e49729 elementor-section-full_width elementor-section-height-default elementor-section-height-default\" data-id=\"9e49729\" data-element_type=\"section\">\n\t\t\t\t\t\t<div class=\"elementor-container elementor-column-gap-default\">\n\t\t\t\t\t<div class=\"elementor-column elementor-col-100 elementor-top-column elementor-element elementor-element-b266fc7\" data-id=\"b266fc7\" data-element_type=\"column\">\n\t\t\t<div class=\"elementor-widget-wrap elementor-element-populated\">\n\t\t\t\t\t\t\t\t<section class=\"elementor-section elementor-inner-section elementor-element elementor-element-50f42be elementor-section-boxed elementor-section-height-default elementor-section-height-default\" data-id=\"50f42be\" data-element_type=\"section\">\n\t\t\t\t\t\t<div class=\"elementor-container elementor-column-gap-default\">\n\t\t\t\t\t<div class=\"elementor-column elementor-col-50 elementor-inner-column elementor-element elementor-element-39ea781\" data-id=\"39ea781\" data-element_type=\"column\">\n\t\t\t<div class=\"elementor-widget-wrap elementor-element-populated\">\n\t\t\t\t\t\t\t\t<div class=\"elementor-element elementor-element-918d365 elementor-widget elementor-widget-image\" data-id=\"918d365\" data-element_type=\"widget\" data-widget_type=\"image.default\">\n\t\t\t\t<div class=\"elementor-widget-container\">\n\t\t\t<style>\/*! elementor - v3.6.6 - 08-06-2022 *\/\n.elementor-widget-image{text-align:center}.elementor-widget-image a{display:inline-block}.elementor-widget-image a img[src$=\".svg\"]{width:48px}.elementor-widget-image img{vertical-align:middle;display:inline-block}<\/style>\t\t\t\t\t\t\t\t\t\t\t\t<img width=\"300\" height=\"300\" src=\"http:\/\/coopercamdf.com.br\/wp-content\/uploads\/2022\/08\/2534888-300x300.png\" class=\"attachment-medium size-medium\" alt=\"\" loading=\"lazy\" srcset=\"http:\/\/coopercamdf.com.br\/wp-content\/uploads\/2022\/08\/2534888-300x300.png 300w, http:\/\/coopercamdf.com.br\/wp-content\/uploads\/2022\/08\/2534888-150x150.png 150w, http:\/\/coopercamdf.com.br\/wp-content\/uploads\/2022\/08\/2534888.png 512w\" sizes=\"(max-width: 300px) 100vw, 300px\" \/>\t\t\t\t\t\t\t\t\t\t\t\t\t\t\t<\/div>\n\t\t\t\t<\/div>\n\t\t\t\t\t<\/div>\n\t\t<\/div>\n\t\t\t\t<div class=\"elementor-column elementor-col-50 elementor-inner-column elementor-element elementor-element-6772d81\" data-id=\"6772d81\" data-element_type=\"column\">\n\t\t\t<div class=\"elementor-widget-wrap elementor-element-populated\">\n\t\t\t\t\t\t\t\t<div class=\"elementor-element elementor-element-e125ced elementor-widget elementor-widget-text-editor\" data-id=\"e125ced\" data-element_type=\"widget\" data-widget_type=\"text-editor.default\">\n\t\t\t\t<div class=\"elementor-widget-container\">\n\t\t\t<style>\/*! elementor - v3.6.6 - 08-06-2022 *\/\n.elementor-widget-text-editor.elementor-drop-cap-view-stacked .elementor-drop-cap{background-color:#818a91;color:#fff}.elementor-widget-text-editor.elementor-drop-cap-view-framed .elementor-drop-cap{color:#818a91;border:3px solid;background-color:transparent}.elementor-widget-text-editor:not(.elementor-drop-cap-view-default) .elementor-drop-cap{margin-top:8px}.elementor-widget-text-editor:not(.elementor-drop-cap-view-default) .elementor-drop-cap-letter{width:1em;height:1em}.elementor-widget-text-editor .elementor-drop-cap{float:left;text-align:center;line-height:1;font-size:50px}.elementor-widget-text-editor .elementor-drop-cap-letter{display:inline-block}<\/style>\t\t\t\t<p>A\u00a0<strong>Coopercam<\/strong>\u00a0atua de forma \u00e9tica, com responsabilidade social por meio do cooperativismo no segmento da presta\u00e7\u00e3o de servi\u00e7os de log\u00edstica no transporte rodovi\u00e1rio de bens, cargas, passageiros e produtos perigosos.<br \/><span style=\"color: var( --e-global-color-text ); font-family: var( --e-global-typography-text-font-family ), Sans-serif; font-weight: var( --e-global-typography-text-font-weight ); font-size: 1rem;\"><br \/>A ger\u00eancia e a alta administra\u00e7\u00e3o assumem o compromisso de prover recursos para atendimento das seguintes diretrizes:<\/span><\/p>\t\t\t\t\t\t<\/div>\n\t\t\t\t<\/div>\n\t\t\t\t\t<\/div>\n\t\t<\/div>\n\t\t\t\t\t\t\t<\/div>\n\t\t<\/section>\n\t\t\t\t<section class=\"elementor-section elementor-inner-section elementor-element elementor-element-fc81eba elementor-section-full_width elementor-section-height-default elementor-section-height-default\" data-id=\"fc81eba\" data-element_type=\"section\" data-settings=\"{&quot;background_background&quot;:&quot;classic&quot;}\">\n\t\t\t\t\t\t<div class=\"elementor-container elementor-column-gap-default\">\n\t\t\t\t\t<div class=\"elementor-column elementor-col-100 elementor-inner-column elementor-element elementor-element-02464e9\" data-id=\"02464e9\" data-element_type=\"column\">\n\t\t\t<div class=\"elementor-widget-wrap elementor-element-populated\">\n\t\t\t\t\t\t\t\t<div class=\"elementor-element elementor-element-c9eeb64 elementor-widget elementor-widget-text-editor\" data-id=\"c9eeb64\" data-element_type=\"widget\" data-widget_type=\"text-editor.default\">\n\t\t\t\t<div class=\"elementor-widget-container\">\n\t\t\t\t\t\t\t\t\t\t\t\t\t<\/div>\n\t\t\t\t<\/div>\n\t\t\t\t<div class=\"elementor-element elementor-element-efeb028 elementor-widget elementor-widget-text-editor\" data-id=\"efeb028\" data-element_type=\"widget\" data-widget_type=\"text-editor.default\">\n\t\t\t\t<div class=\"elementor-widget-container\">\n\t\t\t\t\t\t\t<ul><li><strong>Buscar<\/strong>\u00a0a excel\u00eancia no atendimento de forma eficiente e em tempo h\u00e1bil, visando \u00e0 satisfa\u00e7\u00e3o das necessidades e expectativas dos clientes, por meio da conscientiza\u00e7\u00e3o, treinamentos e investimentos na qualifica\u00e7\u00e3o dos cooperados e funcion\u00e1rios.<br \/><br \/><\/li><li><strong>Promover<\/strong>\u00a0a sustentabilidade utilizando a gest\u00e3o dos recursos naturais, mitigando a emiss\u00e3o de gases e efluentes, nos casos poss\u00edveis fazer uso da reciclagem por interm\u00e9dio da atua\u00e7\u00e3o respons\u00e1vel individual e coletiva na prote\u00e7\u00e3o do meio ambiente.<br \/><br \/><\/li><li><strong>Estabelecer<\/strong>\u00a0e fazer cumprir as normas e os procedimentos de sa\u00fade e seguran\u00e7a, identificando os riscos inerentes as suas atividades, a fim de minimizar a necessidade de a\u00e7\u00f5es corretivas, proporcionando um ambiente seguro e saud\u00e1vel, encorajando e motivando a participa\u00e7\u00e3o e o comprometimento individual e coletivo dos cooperados, funcion\u00e1rios e subcontratados em zelar pela vida como seu maior patrim\u00f4nio.<br \/><br \/><\/li><li><strong>Adotar<\/strong>\u00a0como parte integrante destas diretrizes as demais Normas e Procedimentos emanados pelos setores de Sa\u00fade Seguran\u00e7a, Meio Ambiente e Qualidade, inclusive no que tange a imagem e reputa\u00e7\u00e3o da Cooperativa, visando \u00e0 melhoria cont\u00ednua e boa intera\u00e7\u00e3o com a comunidade estabelecendo assim um sistema de gest\u00e3o eficaz.<\/li><\/ul>\t\t\t\t\t\t<\/div>\n\t\t\t\t<\/div>\n\t\t\t\t\t<\/div>\n\t\t<\/div>\n\t\t\t\t\t\t\t<\/div>\n\t\t<\/section>\n\t\t\t\t\t<\/div>\n\t\t<\/div>\n\t\t\t\t\t\t\t<\/div>\n\t\t<\/section>\n\t\t\t\t<section class=\"elementor-section elementor-top-section elementor-element elementor-element-fb177e6 elementor-section-boxed elementor-section-height-default elementor-section-height-default\" data-id=\"fb177e6\" data-element_type=\"section\">\n\t\t\t\t\t\t<div class=\"elementor-container elementor-column-gap-default\">\n\t\t\t\t\t<div class=\"elementor-column elementor-col-100 elementor-top-column elementor-element elementor-element-0c14f69\" data-id=\"0c14f69\" data-element_type=\"column\">\n\t\t\t<div class=\"elementor-widget-wrap elementor-element-populated\">\n\t\t\t\t\t\t\t\t<section class=\"elementor-section elementor-inner-section elementor-element elementor-element-ebd5147 elementor-section-boxed elementor-section-height-default elementor-section-height-default\" data-id=\"ebd5147\" data-element_type=\"section\">\n\t\t\t\t\t\t<div class=\"elementor-container elementor-column-gap-default\">\n\t\t\t\t\t<div class=\"elementor-column elementor-col-50 elementor-inner-column elementor-element elementor-element-0ba47e0\" data-id=\"0ba47e0\" data-element_type=\"column\">\n\t\t\t<div class=\"elementor-widget-wrap elementor-element-populated\">\n\t\t\t\t\t\t\t\t<div class=\"elementor-element elementor-element-a708bb7 elementor-widget elementor-widget-image\" data-id=\"a708bb7\" data-element_type=\"widget\" data-widget_type=\"image.default\">\n\t\t\t\t<div class=\"elementor-widget-container\">\n\t\t\t\t\t\t\t\t\t\t\t\t\t\t\t<img width=\"300\" height=\"270\" src=\"http:\/\/coopercamdf.com.br\/wp-content\/uploads\/2022\/08\/politicas-768x690-1-300x270.png\" class=\"attachment-medium size-medium\" alt=\"\" loading=\"lazy\" srcset=\"http:\/\/coopercamdf.com.br\/wp-content\/uploads\/2022\/08\/politicas-768x690-1-300x270.png 300w, http:\/\/coopercamdf.com.br\/wp-content\/uploads\/2022\/08\/politicas-768x690-1.png 768w\" sizes=\"(max-width: 300px) 100vw, 300px\" \/>\t\t\t\t\t\t\t\t\t\t\t\t\t\t\t<\/div>\n\t\t\t\t<\/div>\n\t\t\t\t\t<\/div>\n\t\t<\/div>\n\t\t\t\t<div class=\"elementor-column elementor-col-50 elementor-inner-column elementor-element elementor-element-e7335cf\" data-id=\"e7335cf\" data-element_type=\"column\">\n\t\t\t<div class=\"elementor-widget-wrap elementor-element-populated\">\n\t\t\t\t\t\t\t\t<div class=\"elementor-element elementor-element-39ddf7c elementor-widget elementor-widget-button\" data-id=\"39ddf7c\" data-element_type=\"widget\" data-widget_type=\"button.default\">\n\t\t\t\t<div class=\"elementor-widget-container\">\n\t\t\t\t\t<div class=\"elementor-button-wrapper\">\n\t\t\t<a href=\"http:\/\/coopercamdf.com.br\/wp-content\/uploads\/2022\/08\/POLI\u0301TICA-DE-LICITAC\u0327A\u0303O-E-COMUNICAC\u0327A\u0303O-COM-AGENTES-PU\u0301BLICOS-COOPERCAM.pdf\" target=\"_blank\" class=\"elementor-button-link elementor-button elementor-size-sm\" role=\"button\">\n\t\t\t\t\t\t<span class=\"elementor-button-content-wrapper\">\n\t\t\t\t\t\t\t<span class=\"elementor-button-icon elementor-align-icon-left\">\n\t\t\t\t<i aria-hidden=\"true\" class=\"far fa-file-pdf\"><\/i>\t\t\t<\/span>\n\t\t\t\t\t\t<span class=\"elementor-button-text\">Pol\u00edtica de  Licita\u00e7\u00e3o e Comunica\u00e7\u00e3o com Agentes P\u00fablicos<\/span>\n\t\t<\/span>\n\t\t\t\t\t<\/a>\n\t\t<\/div>\n\t\t\t\t<\/div>\n\t\t\t\t<\/div>\n\t\t\t\t<div class=\"elementor-element elementor-element-ed21f1d elementor-widget elementor-widget-button\" data-id=\"ed21f1d\" data-element_type=\"widget\" data-widget_type=\"button.default\">\n\t\t\t\t<div class=\"elementor-widget-container\">\n\t\t\t\t\t<div class=\"elementor-button-wrapper\">\n\t\t\t<a href=\"http:\/\/coopercamdf.com.br\/wp-content\/uploads\/2022\/08\/POLI\u0301TICA-DE-RELACIONAMENTO-COM-FORNECEDORES-COOPERCAM.pdf\" target=\"_blank\" class=\"elementor-button-link elementor-button elementor-size-sm\" role=\"button\">\n\t\t\t\t\t\t<span class=\"elementor-button-content-wrapper\">\n\t\t\t\t\t\t\t<span class=\"elementor-button-icon elementor-align-icon-left\">\n\t\t\t\t<i aria-hidden=\"true\" class=\"far fa-file-pdf\"><\/i>\t\t\t<\/span>\n\t\t\t\t\t\t<span class=\"elementor-button-text\">Pol\u00edtica de Relacionamento com Fornecedores<\/span>\n\t\t<\/span>\n\t\t\t\t\t<\/a>\n\t\t<\/div>\n\t\t\t\t<\/div>\n\t\t\t\t<\/div>\n\t\t\t\t<div class=\"elementor-element elementor-element-4edf875 elementor-widget elementor-widget-button\" data-id=\"4edf875\" data-element_type=\"widget\" data-widget_type=\"button.default\">\n\t\t\t\t<div class=\"elementor-widget-container\">\n\t\t\t\t\t<div class=\"elementor-button-wrapper\">\n\t\t\t<a href=\"http:\/\/coopercamdf.com.br\/wp-content\/uploads\/2022\/08\/CO\u0301DIGO_CONDUTA-E-ETICA-COOPERCAM.pdf\" target=\"_blank\" class=\"elementor-button-link elementor-button elementor-size-sm\" role=\"button\">\n\t\t\t\t\t\t<span class=\"elementor-button-content-wrapper\">\n\t\t\t\t\t\t\t<span class=\"elementor-button-icon elementor-align-icon-left\">\n\t\t\t\t<i aria-hidden=\"true\" class=\"far fa-file-pdf\"><\/i>\t\t\t<\/span>\n\t\t\t\t\t\t<span class=\"elementor-button-text\">C\u00f3digo de Conduta e \u00c9tica<\/span>\n\t\t<\/span>\n\t\t\t\t\t<\/a>\n\t\t<\/div>\n\t\t\t\t<\/div>\n\t\t\t\t<\/div>\n\t\t\t\t\t<\/div>\n\t\t<\/div>\n\t\t\t\t\t\t\t<\/div>\n\t\t<\/section>\n\t\t\t\t\t<\/div>\n\t\t<\/div>\n\t\t\t\t\t\t\t<\/div>\n\t\t<\/section>\n\t\t\t\t\t\t\t<\/div>\n\t\t","protected":false},"excerpt":{"rendered":"<p>Pol\u00edticas A\u00a0Coopercam\u00a0atua de forma \u00e9tica, com responsabilidade social por meio do cooperativismo no segmento da presta\u00e7\u00e3o de servi\u00e7os de log\u00edstica&hellip;<\/p>\n","protected":false},"author":1,"featured_media":0,"parent":0,"menu_order":0,"comment_status":"closed","ping_status":"closed","template":"elementor_header_footer","meta":[],"_links":{"self":[{"href":"http:\/\/coopercamdf.com.br\/index.php?rest_route=\/wp\/v2\/pages\/120"}],"collection":[{"href":"http:\/\/coopercamdf.com.br\/index.php?rest_route=\/wp\/v2\/pages"}],"about":[{"href":"http:\/\/coopercamdf.com.br\/index.php?rest_route=\/wp\/v2\/types\/page"}],"author":[{"embeddable":true,"href":"http:\/\/coopercamdf.com.br\/index.php?rest_route=\/wp\/v2\/users\/1"}],"replies":[{"embeddable":true,"href":"http:\/\/coopercamdf.com.br\/index.php?rest_route=%2Fwp%2Fv2%2Fcomments&post=120"}],"version-history":[{"count":33,"href":"http:\/\/coopercamdf.com.br\/index.php?rest_route=\/wp\/v2\/pages\/120\/revisions"}],"predecessor-version":[{"id":252,"href":"http:\/\/coopercamdf.com.br\/index.php?rest_route=\/wp\/v2\/pages\/120\/revisions\/252"}],"wp:attachment":[{"href":"http:\/\/coopercamdf.com.br\/index.php?rest_route=%2Fwp%2Fv2%2Fmedia&parent=120"}],"curies":[{"name":"wp","href":"https:\/\/api.w.org\/{rel}","templated":true}]}}